{"id":920,"date":"2018-03-18T10:36:36","date_gmt":"2018-03-18T10:36:36","guid":{"rendered":"http:\/\/kanter.fidex.com.ua\/?page_id=920"},"modified":"2024-12-10T12:02:39","modified_gmt":"2024-12-10T11:02:39","slug":"publikace","status":"publish","type":"page","link":"https:\/\/www.dwarfdigital.cz\/index.php\/publikace\/","title":{"rendered":"Publikace"},"content":{"rendered":"<div class=\"wpb-content-wrapper\"><p>[vc_section full_width=&#8220;stretch_row&#8220; css=&#8220;.vc_custom_1556796080455{padding-top: 150px !important;padding-bottom: 90px !important;background-image: url(http:\/\/www.dwarfdigital.cz\/wp-content\/uploads\/2019\/05\/web-1.jpg?id=3289) !important;}&#8220;][vc_row][vc_column]<div style=\"margin:0 0 30px 0;\" class=\"heading-title  al-left\" id=\"alian4x_el_69f42df32f02c\"><h3 style=\"color:#ffffff;\" class=\"al-headitg-title al-parallax\">Vyd\u00e1v\u00e1me <span class=\"span\">knihy a publikujeme<\/span><\/h3><span  class=\"al-line-title\"><\/span><div style=\"color:#ffffff;\" class=\"al-subtitle\">Technologie ne jen vyu\u017e\u00edv\u00e1me, ale i tvo\u0159\u00edme a pracujeme tak\u00e9 ve v\u00fdzkumu. Na\u0161e publikace jsou zam\u011b\u0159eny na 3D vizualizace a archeologii.<\/div><\/div>[\/vc_column][\/vc_row][\/vc_section][vc_section full_width=&#8220;stretch_row&#8220; css=&#8220;.vc_custom_1545474087296{padding-top: 90px !important;padding-bottom: 40px !important;background-position: center !important;background-repeat: no-repeat !important;background-size: cover !important;}&#8220;][vc_row][vc_column width=&#8220;1\/6&#8243;][\/vc_column][vc_column width=&#8220;2\/3&#8243;]<div style=\"\" class=\"heading-title  al-center\" id=\"alian4x_el_69f42df32f04a\"><h2 style=\"\" class=\"al-headitg-title al-parallax\">Co jsme napsali<\/h2><div  class=\"al-small-description\"> <span class=\"span\">a d\u00e1le<\/span> p\u00ed\u0161eme<\/div><div  class=\"al-subtitle\">Publikace si tak\u00e9 m\u016f\u017eete zakoupit, anebo zdarma st\u00e1hnout z academia.edu<\/div><\/div>[\/vc_column][vc_column width=&#8220;1\/6&#8243;][\/vc_column][\/vc_row][vc_row][vc_column width=&#8220;1\/2&#8243; offset=&#8220;vc_col-lg-3 vc_col-md-6&#8243;]\n    <div style=\"margin:0 0 50px 0;\" class=\"item-team\">\n        <div class=\"img-wrap\">\n            <img src=\"https:\/\/www.dwarfdigital.cz\/wp-content\/uploads\/2018\/12\/img-3-1.jpg\" alt=\"\" class=\"img-responsive\">\n            \n\n        <\/div>\n\n        <h2 >O\u017eiven\u00e1 archeol\u00f3gia 2017<\/h2>\n        <span >Archeologie<\/span>\n        <p >3D Vizualizace v archeologii<\/p>    <\/div>\n\n    <a style=\"\" href=\"#\" target =\"_self\" class=\"btn btn-blue\" id=\"alian4x_el_69f42df32f40a\">Vyprod\u00e1no<\/a>[\/vc_column][vc_column width=&#8220;1\/2&#8243; offset=&#8220;vc_col-lg-3 vc_col-md-6&#8243;]\n    <div style=\"margin:0 0 50px 0;\" class=\"item-team\">\n        <div class=\"img-wrap\">\n            <img src=\"https:\/\/www.dwarfdigital.cz\/wp-content\/uploads\/2018\/12\/img-2.jpg\" alt=\"\" class=\"img-responsive\">\n            \n\n        <\/div>\n\n        <h2 >Digit\u00e1lne Hradisk\u00e1<\/h2>\n        <span >Archeologie<\/span>\n        <p >\u010casopis s archeologickou t\u00e9matikou a nejnov\u011bj\u0161\u00edmi poznatky o aktu\u00e1ln\u00edch v\u00fdzkumech a technologi\u00edch.<\/p>    <\/div>\n\n    <a style=\"\" href=\"https:\/\/www.academia.edu\/35344555\/digit%C3%A1lne_HRADISK%C3%81_1_2017\" target =\"_self\" class=\"btn btn-blue\" id=\"alian4x_el_69f42df32f688\">St\u00e1hnout<\/a>[\/vc_column][vc_column width=&#8220;1\/2&#8243; offset=&#8220;vc_col-lg-3 vc_col-md-6&#8243;]\n    <div style=\"margin:0 0 50px 0;\" class=\"item-team\">\n        <div class=\"img-wrap\">\n            <img src=\"https:\/\/www.dwarfdigital.cz\/wp-content\/uploads\/2018\/12\/simple-cover.jpg\" alt=\"\" class=\"img-responsive\">\n            \n\n        <\/div>\n\n        <h2 >Skryt\u00e9 poklady 01<\/h2>\n        <span >Archeologie<\/span>\n        <p >Kn\u00ed\u017eka o pr\u016fb\u011bhu a v\u00fdsledc\u00edch archeologick\u00e9ho v\u00fdzkumu lokalit obce Tvrdo\u0161oviec na Slovensku. V kn\u00ed\u017ece je p\u0159ibl\u00ed\u017eena historie lokality, prov\u00e1d\u011bn\u00fdch v\u00fdzkum\u016f, v\u00fdsledk\u016f posledn\u00edho v\u00fdzkumu a rozs\u00e1hl\u00fd foto-katalog kr\u00e1sn\u00fdch n\u00e1lez\u016f.<\/p>    <\/div>\n\n    <a style=\"\" href=\"http:\/\/www.skrytepoklady.sk\" target =\"_self\" class=\"btn btn-blue\" id=\"alian4x_el_69f42df32fa6c\">Objednat<\/a>[\/vc_column][vc_column width=&#8220;1\/2&#8243; offset=&#8220;vc_col-lg-3 vc_col-md-6&#8243;]\n    <div style=\"margin:0 0 50px 0;\" class=\"item-team\">\n        <div class=\"img-wrap\">\n            <img src=\"https:\/\/www.dwarfdigital.cz\/wp-content\/uploads\/2024\/12\/A4-Book-Mockup3.png\" alt=\"\" class=\"img-responsive\">\n            \n\n        <\/div>\n\n        <h2 >Sb\u011bratelsk\u00fd katalog minc\u00ed Franti\u0161ka Josefa I.<\/h2>\n        <span >Numismatika<\/span>\n        <p >Podrobn\u00fd pr\u016fvodce sv\u011btem minc\u00ed Franti\u0161ka Josefa I.<\/p>    <\/div>\n\n    <a style=\"\" href=\"https:\/\/www.minceorol.sk\/zberatelsky-katalog-minci-frantiska-jozefa-i\/\" target =\"_self\" class=\"btn btn-blue\" id=\"alian4x_el_69f42df32fc4c\">Objednat<\/a>[\/vc_column][\/vc_row][vc_row][vc_column width=&#8220;1\/2&#8243; offset=&#8220;vc_col-lg-3 vc_col-md-6&#8243;]\n    <div style=\"margin:0 0 50px 0;\" class=\"item-team\">\n        <div class=\"img-wrap\">\n            <img src=\"https:\/\/www.dwarfdigital.cz\/wp-content\/uploads\/2018\/12\/simple-cover-1.jpg\" alt=\"\" class=\"img-responsive\">\n            \n\n        <\/div>\n\n        <h2 >O\u017eiven\u00e1 archeol\u00f3gia 2018<\/h2>\n        <span >Archeologie<\/span>\n        <p >3D vizualizace a technika v archeologii<\/p>    <\/div>\n\n    <a style=\"\" href=\"#\" target =\"_self\" class=\"btn btn-blue\" id=\"alian4x_el_69f42df32febb\">B\u0159ezen 2019<\/a>[\/vc_column][\/vc_row][\/vc_section]<\/p>\n<\/div>","protected":false},"excerpt":{"rendered":"<p>[vc_section full_width=&#8220;stretch_row&#8220; css=&#8220;.vc_custom_1556796080455{padding-top: 150px !important;padding-bottom: 90px !important;background-image: url(http:\/\/www.dwarfdigital.cz\/wp-content\/uploads\/2019\/05\/web-1.jpg?id=3289) !important;}&#8220;][vc_row][vc_column][\/vc_column][\/vc_row][\/vc_section][vc_section full_width=&#8220;stretch_row&#8220; css=&#8220;.vc_custom_1545474087296{padding-top: 90px !important;padding-bottom: 40px !important;background-position: center !important;background-repeat: no-repeat !important;background-size: cover !important;}&#8220;][vc_row][vc_column width=&#8220;1\/6&#8243;][\/vc_column][vc_column width=&#8220;2\/3&#8243;][\/vc_column][vc_column width=&#8220;1\/6&#8243;][\/vc_column][\/vc_row][vc_row][vc_column width=&#8220;1\/2&#8243; offset=&#8220;vc_col-lg-3 vc_col-md-6&#8243;][\/vc_column][vc_column width=&#8220;1\/2&#8243; offset=&#8220;vc_col-lg-3 vc_col-md-6&#8243;][\/vc_column][vc_column width=&#8220;1\/2&#8243; offset=&#8220;vc_col-lg-3 vc_col-md-6&#8243;][\/vc_column][vc_column width=&#8220;1\/2&#8243; offset=&#8220;vc_col-lg-3 vc_col-md-6&#8243;][\/vc_column][\/vc_row][vc_row][vc_column width=&#8220;1\/2&#8243; offset=&#8220;vc_col-lg-3 vc_col-md-6&#8243;][\/vc_column][\/vc_row][\/vc_section]<\/p>\n","protected":false},"author":1,"featured_media":0,"parent":0,"menu_order":0,"comment_status":"closed","ping_status":"closed","template":"page-builder.php","meta":{"_vp_format_video_url":"","_vp_image_focal_point":[]},"_links":{"self":[{"href":"https:\/\/www.dwarfdigital.cz\/index.php\/wp-json\/wp\/v2\/pages\/920"}],"collection":[{"href":"https:\/\/www.dwarfdigital.cz\/index.php\/wp-json\/wp\/v2\/pages"}],"about":[{"href":"https:\/\/www.dwarfdigital.cz\/index.php\/wp-json\/wp\/v2\/types\/page"}],"author":[{"embeddable":true,"href":"https:\/\/www.dwarfdigital.cz\/index.php\/wp-json\/wp\/v2\/users\/1"}],"replies":[{"embeddable":true,"href":"https:\/\/www.dwarfdigital.cz\/index.php\/wp-json\/wp\/v2\/comments?post=920"}],"version-history":[{"count":22,"href":"https:\/\/www.dwarfdigital.cz\/index.php\/wp-json\/wp\/v2\/pages\/920\/revisions"}],"predecessor-version":[{"id":3767,"href":"https:\/\/www.dwarfdigital.cz\/index.php\/wp-json\/wp\/v2\/pages\/920\/revisions\/3767"}],"wp:attachment":[{"href":"https:\/\/www.dwarfdigital.cz\/index.php\/wp-json\/wp\/v2\/media?parent=920"}],"curies":[{"name":"wp","href":"https:\/\/api.w.org\/{rel}","templated":true}]}}