{"id":1291,"date":"2018-04-20T07:30:25","date_gmt":"2018-04-20T07:30:25","guid":{"rendered":"http:\/\/kanter.fidex.com.ua\/?page_id=1291"},"modified":"2023-01-26T13:17:59","modified_gmt":"2023-01-26T12:17:59","slug":"contact-2","status":"publish","type":"page","link":"https:\/\/www.dwarfdigital.cz\/index.php\/contact-2\/","title":{"rendered":"Kontakt"},"content":{"rendered":"<div class=\"wpb-content-wrapper\"><p>[vc_section full_width=&#8220;stretch_row&#8220; css=&#8220;.vc_custom_1524211190560{padding-top: 120px !important;padding-bottom: 90px !important;background-image: url(http:\/\/kanter.fidex.com.ua\/wp-content\/uploads\/2018\/04\/123minf.jpg?id=1240) !important;}&#8220;][vc_row][vc_column]<div style=\"margin:0 0 30px 0;\" class=\"heading-title  al-left\" id=\"alian4x_el_6a0049d1419c3\"><h3 style=\"\" class=\"al-headitg-title al-parallax\">KONTAKTUJTE <span class=\"span\">N\u00c1S<\/span><\/h3><span  class=\"al-line-title\"><\/span><div  class=\"al-subtitle\">Pot\u0159ebujete kreativn\u00ed \u0159e\u0161en\u00ed pro v\u00e1\u0161 projekt? Zaujala v\u00e1s na\u0161e tvorba 3D model\u016f? Nev\u00e1hejte n\u00e1s kontaktovat.<\/div><\/div>[\/vc_column][\/vc_row][\/vc_section][vc_section full_width=&#8220;stretch_row&#8220; css=&#8220;.vc_custom_1524216656130{padding-top: 0px !important;background-image: url(http:\/\/kanter.fidex.com.ua\/wp-content\/uploads\/2018\/04\/pattern.png?id=1260) !important;background-position: center !important;background-repeat: no-repeat !important;background-size: cover !important;}&#8220;][vc_row][vc_column width=&#8220;1\/3&#8243; css=&#8220;.vc_custom_1524216718420{margin-top: 90px !important;}&#8220;]<div class=\"flip-box-wrap\" style=\"margin-bottom:15px;\"><div class=\"flip-box ifb-auto-height  vertical_flip_bottom flip-ifb-auto-height\"  style=\"\" ><div class=\"ifb-flip-box\" id=\"flip-box-wrap-3130\"><div class=\"ifb-face ifb-front \" style=\"color:#333333;background:#ffffff; border-width: 2px;border-style: solid; border-color:#ededed; border-radius: px;\">\r\n\t\t\t\t\t\t\t<div class=\"ifb-flip-box-section \">\r\n\t\t\t\t\t\t\t<div class=\"flip-box-icon\"><div class=\"ult-just-icon-wrapper  \"><div class=\"align-icon\" style=\"text-align:center;\">\n<div class=\"aio-icon none \"  style=\"color:#333333;font-size:32px;display:inline-block;\">\n\t<i class=\"Defaults-home\"><\/i>\n<\/div><\/div><\/div><\/div><h4 class=\"ult-responsive flipbox_heading\"  data-ultimate-target='#flip-box-wrap-3130 .ult-responsive.flipbox_heading'  data-responsive-json-new='{\"font-size\":\"\",\"line-height\":\"\"}'  style=\"color:#333333; font-family:&#039;Poppins&#039;;font-weight:300;\">Adresa<\/h4><\/div><\/div><!-- END .front -->\r\n\t\t\t\t\t\t<div class=\"ifb-face ifb-back\" style=\"color:#333333;background:#ffffff; border-width: 2px;border-style: solid; border-color:#ededed; border-radius: px;\">\r\n\t\t\t\t\t\t\t<div class=\"ifb-flip-box-section \"><div class=\"ifb-flip-box-section-content ult-responsive\"  data-ultimate-target='#flip-box-wrap-3130 .ifb-flip-box-section-content.ult-responsive'  data-responsive-json-new='{\"font-size\":\"desktop:14px;\",\"line-height\":\"\"}'  style=\"color:#333333;color:#333333;\"><p>Vl\u00e1rsk\u00e1 15<br \/>\n10400 Praha<\/p><\/div><\/div><\/div><!-- END .back --><\/div> <!-- ifb-flip-box --><\/div> <!-- flip-box --><\/div><!-- End icon block -->[\/vc_column][vc_column width=&#8220;1\/3&#8243; css=&#8220;.vc_custom_1545501760106{margin-top: 90px !important;}&#8220;]<div class=\"flip-box-wrap\" style=\"margin-bottom:15px;\"><div class=\"flip-box ifb-auto-height  vertical_flip_bottom flip-ifb-auto-height\"  style=\"\" ><div class=\"ifb-flip-box\" id=\"flip-box-wrap-2987\"><div class=\"ifb-face ifb-front \" style=\"color:#333333;background:#ffffff; border-width: 2px;border-style: solid; border-color:#ededed; border-radius: px;\">\r\n\t\t\t\t\t\t\t<div class=\"ifb-flip-box-section \">\r\n\t\t\t\t\t\t\t<div class=\"flip-box-icon\"><div class=\"ult-just-icon-wrapper  \"><div class=\"align-icon\" style=\"text-align:center;\">\n<div class=\"aio-icon none \"  style=\"color:#333333;font-size:32px;display:inline-block;\">\n\t<i class=\"Defaults-headphones\"><\/i>\n<\/div><\/div><\/div><\/div><h4 class=\"ult-responsive flipbox_heading\"  data-ultimate-target='#flip-box-wrap-2987 .ult-responsive.flipbox_heading'  data-responsive-json-new='{\"font-size\":\"desktop:15px;\",\"line-height\":\"\"}'  style=\"color:#333333; font-family:&#039;Poppins&#039;;font-weight:300;\">Telefon<\/h4><\/div><\/div><!-- END .front -->\r\n\t\t\t\t\t\t<div class=\"ifb-face ifb-back\" style=\"color:#333333;background:#ffffff; border-width: 2px;border-style: solid; border-color:#ededed; border-radius: px;\">\r\n\t\t\t\t\t\t\t<div class=\"ifb-flip-box-section \"><div class=\"ifb-flip-box-section-content ult-responsive\"  data-ultimate-target='#flip-box-wrap-2987 .ifb-flip-box-section-content.ult-responsive'  data-responsive-json-new='{\"font-size\":\"desktop:14px;\",\"line-height\":\"\"}'  style=\"color:#333333;color:#333333;\"><p>Mobil:<br \/>\n+420 723 724 332<\/p><\/div><\/div><\/div><!-- END .back --><\/div> <!-- ifb-flip-box --><\/div> <!-- flip-box --><\/div><!-- End icon block -->[\/vc_column][vc_column width=&#8220;1\/3&#8243; css=&#8220;.vc_custom_1545501767648{margin-top: 90px !important;}&#8220;]<div class=\"flip-box-wrap\" style=\"margin-bottom:0px;\"><div class=\"flip-box ifb-auto-height  vertical_flip_bottom flip-ifb-auto-height\"  style=\"\" ><div class=\"ifb-flip-box\" id=\"flip-box-wrap-9044\"><div class=\"ifb-face ifb-front \" style=\"color:#333333;background:#ffffff; border-width: 2px;border-style: solid; border-color:#ededed; border-radius: px;\">\r\n\t\t\t\t\t\t\t<div class=\"ifb-flip-box-section \">\r\n\t\t\t\t\t\t\t<div class=\"flip-box-icon\"><div class=\"ult-just-icon-wrapper  \"><div class=\"align-icon\" style=\"text-align:center;\">\n<div class=\"aio-icon none \"  style=\"color:#333333;font-size:32px;display:inline-block;\">\n\t<i class=\"Defaults-envelope-square\"><\/i>\n<\/div><\/div><\/div><\/div><h4 class=\"ult-responsive flipbox_heading\"  data-ultimate-target='#flip-box-wrap-9044 .ult-responsive.flipbox_heading'  data-responsive-json-new='{\"font-size\":\"desktop:15px;\",\"line-height\":\"\"}'  style=\"color:#333333; font-family:&#039;Poppins&#039;;font-weight:300;\">E-mail<\/h4><\/div><\/div><!-- END .front -->\r\n\t\t\t\t\t\t<div class=\"ifb-face ifb-back\" style=\"color:#333333;background:#ffffff; border-width: 2px;border-style: solid; border-color:#ededed; border-radius: px;\">\r\n\t\t\t\t\t\t\t<div class=\"ifb-flip-box-section \"><div class=\"ifb-flip-box-section-content ult-responsive\"  data-ultimate-target='#flip-box-wrap-9044 .ifb-flip-box-section-content.ult-responsive'  data-responsive-json-new='{\"font-size\":\"desktop:14px;\",\"line-height\":\"\"}'  style=\"color:#333333;color:#333333;\"><p>E-mail:<br \/>\ninfo@dwarfdigital.cz<\/p><\/div><\/div><\/div><!-- END .back --><\/div> <!-- ifb-flip-box --><\/div> <!-- flip-box --><\/div><!-- End icon block -->[\/vc_column][\/vc_row][\/vc_section]<\/p>\n<\/div>","protected":false},"excerpt":{"rendered":"<p>[vc_section full_width=&#8220;stretch_row&#8220; css=&#8220;.vc_custom_1524211190560{padding-top: 120px !important;padding-bottom: 90px !important;background-image: url(http:\/\/kanter.fidex.com.ua\/wp-content\/uploads\/2018\/04\/123minf.jpg?id=1240) !important;}&#8220;][vc_row][vc_column][\/vc_column][\/vc_row][\/vc_section][vc_section full_width=&#8220;stretch_row&#8220; css=&#8220;.vc_custom_1524216656130{padding-top: 0px !important;background-image: url(http:\/\/kanter.fidex.com.ua\/wp-content\/uploads\/2018\/04\/pattern.png?id=1260) !important;background-position: center !important;background-repeat: no-repeat !important;background-size: cover !important;}&#8220;][vc_row][vc_column width=&#8220;1\/3&#8243; css=&#8220;.vc_custom_1524216718420{margin-top: 90px !important;}&#8220;][\/vc_column][vc_column width=&#8220;1\/3&#8243; css=&#8220;.vc_custom_1545501760106{margin-top: 90px !important;}&#8220;][\/vc_column][vc_column width=&#8220;1\/3&#8243; css=&#8220;.vc_custom_1545501767648{margin-top: 90px !important;}&#8220;][\/vc_column][\/vc_row][\/vc_section]<\/p>\n","protected":false},"author":1,"featured_media":0,"parent":0,"menu_order":0,"comment_status":"closed","ping_status":"closed","template":"page-builder.php","meta":{"_vp_format_video_url":"","_vp_image_focal_point":[]},"_links":{"self":[{"href":"https:\/\/www.dwarfdigital.cz\/index.php\/wp-json\/wp\/v2\/pages\/1291"}],"collection":[{"href":"https:\/\/www.dwarfdigital.cz\/index.php\/wp-json\/wp\/v2\/pages"}],"about":[{"href":"https:\/\/www.dwarfdigital.cz\/index.php\/wp-json\/wp\/v2\/types\/page"}],"author":[{"embeddable":true,"href":"https:\/\/www.dwarfdigital.cz\/index.php\/wp-json\/wp\/v2\/users\/1"}],"replies":[{"embeddable":true,"href":"https:\/\/www.dwarfdigital.cz\/index.php\/wp-json\/wp\/v2\/comments?post=1291"}],"version-history":[{"count":16,"href":"https:\/\/www.dwarfdigital.cz\/index.php\/wp-json\/wp\/v2\/pages\/1291\/revisions"}],"predecessor-version":[{"id":3612,"href":"https:\/\/www.dwarfdigital.cz\/index.php\/wp-json\/wp\/v2\/pages\/1291\/revisions\/3612"}],"wp:attachment":[{"href":"https:\/\/www.dwarfdigital.cz\/index.php\/wp-json\/wp\/v2\/media?parent=1291"}],"curies":[{"name":"wp","href":"https:\/\/api.w.org\/{rel}","templated":true}]}}